{"id":300,"date":"2013-11-21T18:46:49","date_gmt":"2013-11-21T16:46:49","guid":{"rendered":"http:\/\/www.emanuelstrixner.com\/?page_id=300"},"modified":"2013-11-21T18:47:39","modified_gmt":"2013-11-21T16:47:39","slug":"disclaimer","status":"publish","type":"page","link":"https:\/\/emanuelstrixner.com\/?page_id=300","title":{"rendered":"Disclaimer"},"content":{"rendered":"<p>Alle Texte, Grafiken und Bilder unterliegen dem Copyright von Emanuel Strixner und sind eventuell durch Dritte zus\u00e4tzlich urheberrechtlich gesch\u00fctzt! Wichtiger Hinweis zu allen Links :<br \/>\nMit Urteil vom 12. Mai 1998 &#8211; 312 O 85\/98 &#8211; &#8220;Haftung f\u00fcr Links&#8221; hat das Landgericht (LG) Hamburg entschieden, dass man durch die Anbringung eines Links die Inhalte der gelinkten Seite ggf. mit zu verantworten hat. Dies kann &#8211; so das LG &#8211; nur dadurch verhindert werden, dass man sich ausdr\u00fccklich von diesen Inhalten distanziert. Hiermit distanziere ich mich ausdr\u00fccklich von allen Inhalten aller gelinkten Seiten auf meiner Homepage und mache mir diese Inhalte nicht zu eigen. Diese Erkl\u00e4rung gilt f\u00fcr alle auf dieser Website angebrachten Links. F\u00fcr alle diese Links gilt ausdr\u00fccklich, dass ich keinerlei Einflu\u00df auf die Gestaltung und die Inhalte der gelinkten Seiten habe.<\/p>\n","protected":false},"excerpt":{"rendered":"<p>Alle Texte, Grafiken und Bilder unterliegen dem Copyright von Emanuel Strixner und sind eventuell durch Dritte zus\u00e4tzlich urheberrechtlich gesch\u00fctzt! Wichtiger Hinweis zu allen Links :&hellip; <\/p>\n","protected":false},"author":1,"featured_media":0,"parent":0,"menu_order":0,"comment_status":"closed","ping_status":"closed","template":"","meta":{"_monsterinsights_skip_tracking":false,"_monsterinsights_sitenote_active":false,"_monsterinsights_sitenote_note":"","_monsterinsights_sitenote_category":0,"footnotes":""},"class_list":["post-300","page","type-page","status-publish","hentry"],"_links":{"self":[{"href":"https:\/\/emanuelstrixner.com\/index.php?rest_route=\/wp\/v2\/pages\/300","targetHints":{"allow":["GET"]}}],"collection":[{"href":"https:\/\/emanuelstrixner.com\/index.php?rest_route=\/wp\/v2\/pages"}],"about":[{"href":"https:\/\/emanuelstrixner.com\/index.php?rest_route=\/wp\/v2\/types\/page"}],"author":[{"embeddable":true,"href":"https:\/\/emanuelstrixner.com\/index.php?rest_route=\/wp\/v2\/users\/1"}],"replies":[{"embeddable":true,"href":"https:\/\/emanuelstrixner.com\/index.php?rest_route=%2Fwp%2Fv2%2Fcomments&post=300"}],"version-history":[{"count":1,"href":"https:\/\/emanuelstrixner.com\/index.php?rest_route=\/wp\/v2\/pages\/300\/revisions"}],"predecessor-version":[{"id":301,"href":"https:\/\/emanuelstrixner.com\/index.php?rest_route=\/wp\/v2\/pages\/300\/revisions\/301"}],"wp:attachment":[{"href":"https:\/\/emanuelstrixner.com\/index.php?rest_route=%2Fwp%2Fv2%2Fmedia&parent=300"}],"curies":[{"name":"wp","href":"https:\/\/api.w.org\/{rel}","templated":true}]}}